{"id":2,"date":"2026-04-30T11:16:23","date_gmt":"2026-04-30T11:16:23","guid":{"rendered":"https:\/\/gazdasszonka.hu\/?page_id=2"},"modified":"2026-04-30T11:48:45","modified_gmt":"2026-04-30T11:48:45","slug":"sample-page","status":"publish","type":"page","link":"https:\/\/gazdasszonka.hu\/","title":{"rendered":"\u00dcdv\u00f6z\u00f6llek"},"content":{"rendered":"<p>Egy Budapest melletti nagyk\u00f6zs\u00e9gben \u00e9lek a hegyen egy kertes h\u00e1zban. Bud\u00e1n n\u0151ttem fel a Hegyvid\u00e9ken,<br \/>de egyik nagymam\u00e1m vid\u00e9ken \u00e9lt, \u00e9s sok id\u0151t t\u00f6lt\u00f6ttem n\u00e1la gyerekkoromban. Ennyi a k\u00f6t\u0151d\u00e9sem a<br \/>f\u00f6ldh\u00f6z. Nagyon szeretem a kertem, sok id\u0151t t\u00f6lt\u00f6k kint, egyed\u00fcl m\u0171velem. R\u00e9g\u00f3ta foglalkoztat az<br \/>\u00f6nell\u00e1t\u00e1s gondolata is, de persze tudom, hogy ezt egyed\u00fcl nem tudom megval\u00f3s\u00edtani, dolgozni is kell<br \/>mellette, p\u00e9nzt keresni, de ami megterem a kertben, annak \u00f6r\u00fcl\u00fcnk, \u00e9s amit tudok megcsin\u00e1lok, \u00fagy mint<br \/>bef\u0151z\u00e9s (lekv\u00e1r, komp\u00f3t, sz\u00f6rp\u00f6k, paradicsoml\u00e9-sz\u00f3sz-ketchup, lecs\u00f3, zakuszka, padlizs\u00e1nkr\u00e9m, ajv\u00e1r,<br \/>csilisz\u00f3sz, csatnik, stb), savany\u00fas\u00e1g k\u00e9sz\u00edt\u00e9s, almaecet, szappan, kr\u00e9mdezodor, sz\u00e1r\u00edtok gy\u00f3gyn\u00f6v\u00e9nyeket<br \/>te\u00e1nak, z\u00f6ldf\u0171szern\u00f6v\u00e9nyeket.<br \/>Szerencs\u00e9re itthon dolgozom t\u00f6bb l\u00e1bon \u00e1llva v\u00e1llalkoz\u00f3k\u00e9nt, \u00fagyhogy tudok mellette gazd\u00e1lkodni.<br \/>\u00c1llatok nincsenek, kiv\u00e9ve a k\u00e9t h\u00e1zikedvenc\u00fcnket, a fekete macsk\u00e1kat. Veget\u00e1ri\u00e1nusok vagyunk, feln\u0151tt<br \/>gyermekeim m\u00e9g itt \u00e9lnek velem. Anyai-nagyapai \u00e1gon m\u00e1r d\u00e9dsz\u00fcleim is veget\u00e1ri\u00e1nusok voltak. Velem<br \/>megk\u00f3stoltatt\u00e1k sz\u00fcleim a h\u00fast gyerekkoromban, de nem szerettem, ez\u00e9rt elhagytam. Nekem \u00edgy j\u00f3, nem<br \/>hi\u00e1nyzik.<br \/>Ez majdnem veg\u00e1n blog lesz, de nem teljesen, mert gh\u00edt haszn\u00e1lok, \u00e9s most A2-es kecsketejterm\u00e9keket is<br \/>pr\u00f3b\u00e1lok k\u00f3stolni, mert am\u00fagy tej\u00e9rz\u00e9keny vagyok, meg glut\u00e9n\u00e9rz\u00e9keny is. Lesznek majd bev\u00e1lt<br \/>glut\u00e9nmentes veg\u00e1n receptek is.<br \/>H\u00fasz \u00e9vig bio \u00e9lelmiszer kis-\u00e9s nagykereskedelemmel foglalkoztunk csal\u00e1di v\u00e1llalkoz\u00e1sban, teh\u00e1t az<br \/>eg\u00e9szs\u00e9ges \u00e9letm\u00f3d az \u00e9letfeladatom. Mozg\u00e1stan\u00e1r vagyok, massz\u00edrozok, a biogr\u00e1fia \u00e9let\u00fatelemz\u00e9si<br \/>m\u00f3dszerrel seg\u00edtem a hozz\u00e1m fordul\u00f3kat az \u00f6nismeret \u00fatj\u00e1n, \u00e9s id\u0151seket is gondozok m\u00e9g.<br \/>Igyekszem haszn\u00e1lhat\u00f3 tippeket adni itt a felel\u0151s, k\u00f6rnyezettudatos, egyszer\u0171 \u00e9s eg\u00e9szs\u00e9ges \u00e9lettel<br \/>kapcsolatban a saj\u00e1t p\u00e9ld\u00e1mon kereszt\u00fcl, amit egy \u201ev\u00e1rosi l\u00e1ny\u201d-nak sz\u00fcletett is meg tud val\u00f3s\u00edtani.<\/p>\n","protected":false},"excerpt":{"rendered":"<p>Egy Budapest melletti nagyk\u00f6zs\u00e9gben \u00e9lek a hegyen egy kertes h\u00e1zban. Bud\u00e1n n\u0151ttem fel a Hegyvid\u00e9ken,de egyik nagymam\u00e1m vid\u00e9ken \u00e9lt, \u00e9s sok id\u0151t t\u00f6lt\u00f6ttem n\u00e1la gyerekkoromban. Ennyi a k\u00f6t\u0151d\u00e9sem af\u00f6ldh\u00f6z. Nagyon szeretem a kertem, sok id\u0151t t\u00f6lt\u00f6k kint, egyed\u00fcl m\u0171velem. R\u00e9g\u00f3ta foglalkoztat az\u00f6nell\u00e1t\u00e1s gondolata is, de persze tudom, hogy ezt egyed\u00fcl nem tudom megval\u00f3s\u00edtani, dolgozni is kellmellette, p\u00e9nzt keresni, de ami megterem a kertben, annak \u00f6r\u00fcl\u00fcnk, \u00e9s amit tudok megcsin\u00e1lok, \u00fagy mintbef\u0151z\u00e9s (lekv\u00e1r, komp\u00f3t, sz\u00f6rp\u00f6k, paradicsoml\u00e9-sz\u00f3sz-ketchup, lecs\u00f3, zakuszka, padlizs\u00e1nkr\u00e9m, ajv\u00e1r,csilisz\u00f3sz, csatnik, stb), savany\u00fas\u00e1g k\u00e9sz\u00edt\u00e9s, almaecet, szappan, kr\u00e9mdezodor, sz\u00e1r\u00edtok gy\u00f3gyn\u00f6v\u00e9nyekette\u00e1nak, z\u00f6ldf\u0171szern\u00f6v\u00e9nyeket.Szerencs\u00e9re itthon dolgozom t\u00f6bb l\u00e1bon \u00e1llva v\u00e1llalkoz\u00f3k\u00e9nt, \u00fagyhogy tudok mellette gazd\u00e1lkodni.\u00c1llatok nincsenek, kiv\u00e9ve a k\u00e9t h\u00e1zikedvenc\u00fcnket, a fekete macsk\u00e1kat. Veget\u00e1ri\u00e1nusok vagyunk, feln\u0151ttgyermekeim m\u00e9g itt \u00e9lnek velem. Anyai-nagyapai \u00e1gon m\u00e1r d\u00e9dsz\u00fcleim is veget\u00e1ri\u00e1nusok voltak. Velemmegk\u00f3stoltatt\u00e1k sz\u00fcleim a h\u00fast gyerekkoromban, de nem szerettem, ez\u00e9rt elhagytam. Nekem \u00edgy j\u00f3, nemhi\u00e1nyzik.Ez majdnem veg\u00e1n blog lesz, de nem teljesen, mert gh\u00edt haszn\u00e1lok, \u00e9s most A2-es kecsketejterm\u00e9keket ispr\u00f3b\u00e1lok k\u00f3stolni, mert am\u00fagy tej\u00e9rz\u00e9keny vagyok, meg glut\u00e9n\u00e9rz\u00e9keny is. Lesznek majd bev\u00e1ltglut\u00e9nmentes veg\u00e1n receptek is.H\u00fasz \u00e9vig bio \u00e9lelmiszer kis-\u00e9s nagykereskedelemmel foglalkoztunk csal\u00e1di v\u00e1llalkoz\u00e1sban, teh\u00e1t azeg\u00e9szs\u00e9ges \u00e9letm\u00f3d az \u00e9letfeladatom. Mozg\u00e1stan\u00e1r vagyok, massz\u00edrozok, a biogr\u00e1fia \u00e9let\u00fatelemz\u00e9sim\u00f3dszerrel seg\u00edtem a hozz\u00e1m fordul\u00f3kat az \u00f6nismeret \u00fatj\u00e1n, \u00e9s id\u0151seket is gondozok m\u00e9g.Igyekszem haszn\u00e1lhat\u00f3 tippeket adni itt a felel\u0151s, k\u00f6rnyezettudatos, egyszer\u0171 \u00e9s eg\u00e9szs\u00e9ges \u00e9lettelkapcsolatban a saj\u00e1t p\u00e9ld\u00e1mon kereszt\u00fcl, amit egy \u201ev\u00e1rosi l\u00e1ny\u201d-nak sz\u00fcletett is meg tud val\u00f3s\u00edtani.<\/p>\n","protected":false},"author":1,"featured_media":0,"parent":0,"menu_order":0,"comment_status":"closed","ping_status":"open","template":"","meta":{"footnotes":""},"class_list":["post-2","page","type-page","status-publish","hentry"],"_links":{"self":[{"href":"https:\/\/gazdasszonka.hu\/index.php?rest_route=\/wp\/v2\/pages\/2","targetHints":{"allow":["GET"]}}],"collection":[{"href":"https:\/\/gazdasszonka.hu\/index.php?rest_route=\/wp\/v2\/pages"}],"about":[{"href":"https:\/\/gazdasszonka.hu\/index.php?rest_route=\/wp\/v2\/types\/page"}],"author":[{"embeddable":true,"href":"https:\/\/gazdasszonka.hu\/index.php?rest_route=\/wp\/v2\/users\/1"}],"replies":[{"embeddable":true,"href":"https:\/\/gazdasszonka.hu\/index.php?rest_route=%2Fwp%2Fv2%2Fcomments&post=2"}],"version-history":[{"count":2,"href":"https:\/\/gazdasszonka.hu\/index.php?rest_route=\/wp\/v2\/pages\/2\/revisions"}],"predecessor-version":[{"id":14,"href":"https:\/\/gazdasszonka.hu\/index.php?rest_route=\/wp\/v2\/pages\/2\/revisions\/14"}],"wp:attachment":[{"href":"https:\/\/gazdasszonka.hu\/index.php?rest_route=%2Fwp%2Fv2%2Fmedia&parent=2"}],"curies":[{"name":"wp","href":"https:\/\/api.w.org\/{rel}","templated":true}]}}